{"id":40,"date":"2020-07-24T13:13:35","date_gmt":"2020-07-24T13:13:35","guid":{"rendered":"https:\/\/nofoma.hi.is\/?page_id=40"},"modified":"2025-01-15T10:31:18","modified_gmt":"2025-01-15T10:31:18","slug":"homepage","status":"publish","type":"page","link":"https:\/\/nofoma.hi.is\/","title":{"rendered":"NOFOMA"},"content":{"rendered":"\n<h2 class=\"wp-block-heading\">2025 Annual NOFOMA Conference, Copenhagen, Denmark<\/h2>\n\n\n\n<p>The 37<sup>th<\/sup> NOFOMA annual\u00a0conference with the theme:<br><strong>&#8220;Guiding Transformational Change in Logistics and Supply Chain Management\u201d<\/strong><br>will be held in Copenhagen, Denmark on 10-12 June 2025 with NORDLOG and Educators Day on 10 June., hosted by Copenhagen Business School, CBS. <br>Important dates:<\/p>\n\n\n\n<ul>\n<li><strong>20 January 2025:<\/strong>\u00a0Submission of abstracts<\/li>\n\n\n\n<li><strong>27\u00a0January 2025<\/strong>: Acceptance of abstracts<\/li>\n\n\n\n<li><strong>17\u00a0March 2025:<\/strong>\u00a0Submission of full papers<\/li>\n\n\n\n<li><strong>21\u00a0April 2025:<\/strong>\u00a0Reviewers\u2019 comments out<\/li>\n\n\n\n<li><strong>12\u00a0May 2025:<\/strong>\u00a0Submission of revised full &amp; WIP papers<\/li>\n<\/ul>\n\n\n\n<p>More information can be found <a href=\"https:\/\/www.tilmeld.dk\/nofoma2025\/home\">here<\/a><\/p>\n\n\n\n<figure class=\"wp-block-image size-full\"><img loading=\"lazy\" decoding=\"async\" width=\"940\" height=\"220\" src=\"https:\/\/nofoma.hi.is\/wp-content\/uploads\/2025\/01\/image.png\" alt=\"\" class=\"wp-image-3757\" srcset=\"https:\/\/nofoma.hi.is\/wp-content\/uploads\/2025\/01\/image.png 940w, https:\/\/nofoma.hi.is\/wp-content\/uploads\/2025\/01\/image-300x70.png 300w, https:\/\/nofoma.hi.is\/wp-content\/uploads\/2025\/01\/image-768x180.png 768w\" sizes=\"(max-width: 940px) 100vw, 940px\" \/><\/figure>\n\n\n\n<h2 class=\"wp-block-heading\">2024 Annual NOFOMA Conference, Stockholm, Sweden<\/h2>\n\n\n\n<p>The 36<sup>th<\/sup> NOFOMA annual&nbsp;conference with the theme:<br>&#8220;<strong>Logistics and Supply Chain Management in a Risky and Uncertain World<\/strong>&#8220;<br>will be held in Stockholm, Sweden, 12-14 June 2024, hosted by the <br>Swedish Defence University (FHS) and the Royal Institute of Technology (KTH). <br>More information can be found <a rel=\"noreferrer noopener\" href=\"https:\/\/www.kth.se\/nofoma-2024\" target=\"_blank\">here<\/a>.<\/p>\n\n\n\n<figure class=\"wp-block-image size-full is-resized\"><img loading=\"lazy\" decoding=\"async\" width=\"1024\" height=\"360\" src=\"https:\/\/nofoma.hi.is\/wp-content\/uploads\/2023\/11\/image.png\" alt=\"\" class=\"wp-image-3498\" style=\"width:652px;height:229px\" srcset=\"https:\/\/nofoma.hi.is\/wp-content\/uploads\/2023\/11\/image.png 1024w, https:\/\/nofoma.hi.is\/wp-content\/uploads\/2023\/11\/image-300x105.png 300w, https:\/\/nofoma.hi.is\/wp-content\/uploads\/2023\/11\/image-768x270.png 768w\" sizes=\"(max-width: 1024px) 100vw, 1024px\" \/><figcaption class=\"wp-element-caption\"><br>Welcome to the 36<sup>th<\/sup> NOFOMA conference by The Nordic Logistics Research Network<br>13\u201314 June and NORDLOG and Educators day on June 12, in Stockholm, Sweden<\/figcaption><\/figure>\n\n\n\n<p>&#8212;&#8212;&#8212;&#8212;&#8212;&#8212;&#8212;&#8212;&#8212;&#8212;&#8212;&#8212;&#8212;&#8212;&#8212;&#8212;&#8212;&#8212;&#8212;&#8212;&#8212;&#8212;&#8212;&#8212;&#8212;&#8212;&#8212;&#8212;&#8212;&#8212;&#8212;&#8212;&#8212;&#8212;-<\/p>\n\n\n\n<h2 class=\"wp-block-heading\">2023 Annual NOFOMA Conference, Helsinki &#8211; Espoo, Finland<\/h2>\n\n\n\n<div class=\"wp-block-columns is-layout-flex wp-container-core-columns-is-layout-1 wp-block-columns-is-layout-flex\">\n<div class=\"wp-block-column is-layout-flow wp-block-column-is-layout-flow\"><div class=\"wp-block-image\">\n<figure class=\"aligncenter size-full is-resized\"><img loading=\"lazy\" decoding=\"async\" width=\"754\" height=\"766\" src=\"https:\/\/nofoma.hi.is\/wp-content\/uploads\/2022\/09\/image-1.jpeg\" alt=\"\" class=\"wp-image-2364\" style=\"width:259px;height:262px\" srcset=\"https:\/\/nofoma.hi.is\/wp-content\/uploads\/2022\/09\/image-1.jpeg 754w, https:\/\/nofoma.hi.is\/wp-content\/uploads\/2022\/09\/image-1-295x300.jpeg 295w, https:\/\/nofoma.hi.is\/wp-content\/uploads\/2022\/09\/image-1-75x75.jpeg 75w\" sizes=\"(max-width: 754px) 100vw, 754px\" \/><\/figure><\/div><\/div>\n\n\n\n<div class=\"wp-block-column is-layout-flow wp-block-column-is-layout-flow\">\n<p class=\"has-text-align-left\">The 35<sup>th<\/sup> NOFOMA annual&nbsp;conference was helt in Espoo in the outskirt of Helsinki, Finland, June 14 to 16, 2023. <\/p>\n\n\n\n<p>A particular theme of the NOFOMA 2023 conference is&nbsp;<em>\u201cLogistics during global crises\u201d<\/em>.&nbsp;<br><\/p>\n\n\n\n<p>The conference was jointly hosted by <a rel=\"noreferrer noopener\" href=\"https:\/\/www.aalto.fi\/en\/school-of-business\" target=\"_blank\">Aalto University School of Business<\/a> &amp; <a rel=\"noreferrer noopener\" href=\"https:\/\/www.hanken.fi\/en\" target=\"_blank\">Hanken School of Economics<\/a>.<\/p>\n\n\n\n<p>The NOFOMA2023 homepage is found <a href=\"http:\/\/nofoma2023.aalto.fi\">here<\/a>.<br>Call for papers can be found <a rel=\"noreferrer noopener\" href=\"https:\/\/nofoma.hi.is\/wp-content\/uploads\/2022\/12\/NOFOMA2023_CFP1.pdf\" target=\"_blank\">here<\/a>.<\/p>\n<\/div>\n<\/div>\n\n\n\n<div class=\"wp-block-columns is-layout-flex wp-container-core-columns-is-layout-2 wp-block-columns-is-layout-flex\">\n<div class=\"wp-block-column is-layout-flow wp-block-column-is-layout-flow\" style=\"flex-basis:100%\">\n<p><mark style=\"background-color:rgba(0, 0, 0, 0)\" class=\"has-inline-color has-vivid-red-color\">The best paper 2023:<\/mark><\/p>\n\n\n\n<p>&#8220;End-of-life Textile Collection System Exploring Design &amp; Performance&#8221;, Iskra Dukovska-Popovska, Linea Kjellsdotter Ivert, Heidi Carin Dreyer, Hafd\u00eds J\u00f3nsd\u00f3ttir and Riikka Kaipia.<\/p>\n\n\n\n<p><mark style=\"background-color:rgba(0, 0, 0, 0)\" class=\"has-inline-color has-vivid-red-color\">The best doctral student paper 2023:<\/mark><\/p>\n\n\n\n<p>&#8220;The Implementation of Berth Allocation Policies that Align with IMO\u2019s JIT strategy: Lessons from the Port of G\u00e4vle&#8221;, Abdalla Mubder.<\/p>\n\n\n\n<p><mark style=\"background-color:rgba(0, 0, 0, 0)\" class=\"has-inline-color has-vivid-red-color\">The Grand Person award 2023:<\/mark><\/p>\n\n\n\n<p>For the first time, a G\u00f6ran Person paper award was given in the memory of one of the NOFOMA pioneers in Supply Chain Management and initiator of the NOFOMA society. <br>The winners are:<\/p>\n\n\n\n<p>&#8220;The impact of order fulfillment on consumer experience. Text mining consumer reviews and ratings from Amazon US&#8221;, Yulia Vakulenko, Diogo Figueirinhas, Daniel Hellstr\u00f6m and Henrik P\u00e5lsson.<\/p>\n\n\n\n<p><strong><mark style=\"background-color:rgba(0, 0, 0, 0)\" class=\"has-inline-color has-vivid-red-color\">CONGRATULATIONS, GREAT WORK<\/mark><\/strong><br>&#8212;&#8212;&#8212;&#8212;&#8212;&#8212;&#8212;&#8212;&#8212;&#8212;&#8212;&#8212;&#8212;&#8212;&#8212;&#8212;&#8212;&#8212;&#8212;&#8212;&#8212;&#8212;&#8212;&#8212;&#8212;&#8212;&#8212;&#8212;&#8212;&#8212;&#8212;&#8212;&#8212;&#8212;-<\/p>\n\n\n\n<h2 class=\"wp-block-heading\">2022 Annual NOFOMA Conference<\/h2>\n<\/div>\n<\/div>\n\n\n\n<p>The 34th NOFOMA annual&nbsp;conference was held in Reykjavik, Iceland June 8 to 10, 2022 and this time as a traditional on-site conference. The conference is organized by University of Iceland,&nbsp;<a rel=\"noreferrer noopener\" href=\"https:\/\/english.hi.is\/faculty_of_industrial_engineering_mechanical_engineering_and_computer_science\" target=\"_blank\">Faculty of Industrial Engineering, Mechanical Engineering and Computer Science<\/a>.<\/p>\n\n\n\n<p><mark style=\"background-color:rgba(0, 0, 0, 0)\" class=\"has-inline-color has-vivid-red-color\">The best paper 2022:<\/mark><\/p>\n\n\n\n<p>&#8220;Wate Management and Reverse Logistics in the Humanitarian Context&#8221;, authors: Virva Tuomala, Anna Aminoff and Gy\u00f6ngyi Kov\u00e1cs, Hanken School of Economics, Helsinki, Finland.<\/p>\n\n\n\n<p><mark style=\"background-color:rgba(0, 0, 0, 0)\" class=\"has-inline-color has-vivid-red-color\">The best doctral student paper 2022:<\/mark><\/p>\n\n\n\n<p>&#8220;<em>Sustainability in Last Mile Delivery Exploring the Cognitive Frames of Retailers and LSPs<\/em>&#8220;, author: Helleke Heikkinen, Hanken School of Economics, Helsinki, Finland.<\/p>\n\n\n\n<p><strong><mark style=\"background-color:rgba(0, 0, 0, 0)\" class=\"has-inline-color has-vivid-red-color\">CONGRATULATIONS, GREAT WORK!<\/mark><\/strong><\/p>\n\n\n\n<p>&#8212;&#8212;&#8212;&#8212;&#8212;&#8212;&#8212;&#8212;&#8212;&#8212;&#8212;&#8212;&#8212;&#8212;&#8212;&#8212;&#8212;&#8212;&#8212;&#8212;&#8212;&#8212;&#8212;&#8212;&#8212;&#8212;&#8212;&#8212;&#8212;&#8212;&#8212;&#8212;&#8212;&#8212;-<\/p>\n\n\n\n<h2 class=\"wp-block-heading\">2021 Annual NOFOMA Conference<\/h2>\n\n\n\n<p>The 33rd NOFOMA annual&nbsp;conference that was planned to be held in Reykjavik, Iceland but went on-line 28 -30 September 2021.<\/p>\n\n\n\n<p><mark style=\"background-color:rgba(0, 0, 0, 0)\" class=\"has-inline-color has-vivid-red-color\">The best paper 2021 is&nbsp;paper #45:<\/mark><\/p>\n\n\n\n<p>&#8220;<em>Manual, automated or smart? Trends in Swedish Retail\u2019s Warehousing<\/em>&#8220;,&nbsp;authors: Joakim Kembro and&nbsp;Andreas Norrman, Lund University, Sweden.<\/p>\n\n\n\n<p><mark style=\"background-color:rgba(0, 0, 0, 0)\" class=\"has-inline-color has-vivid-red-color\">The best doctral student paper 2021 is&nbsp;paper #16:<\/mark><\/p>\n\n\n\n<p>&#8220;<em>How to not lose oneself: the case for relational identity in collaborative supply relationships<\/em>&#8220;,&nbsp;authour: Oskari Rintala, University of Turku, Finland.<\/p>\n\n\n\n<p><strong><mark style=\"background-color:rgba(0, 0, 0, 0)\" class=\"has-inline-color has-vivid-red-color\">CONGRATULATIONS, GREAT WORK!<\/mark><\/strong><\/p>\n\n\n\n<p><mark style=\"background-color:rgba(0, 0, 0, 0)\" class=\"has-inline-color has-black-color\">Book of Abstra<\/mark>cts is found <a href=\"https:\/\/nofoma.hi.is\/wp-content\/uploads\/2021\/09\/NOFOMA_BOA_2021.pdf\">here<\/a>.<\/p>\n\n\n\n<p style=\"font-size:-2px\">More information are found on the Conference page <a href=\"https:\/\/nofoma.hi.is\/the-nofoma2021-conference\/\">here<\/a>.<\/p>\n\n\n\n<p>&#8212;&#8212;&#8212;&#8212;&#8212;&#8212;&#8212;&#8212;&#8212;&#8212;&#8212;&#8212;&#8212;&#8212;&#8212;&#8212;&#8212;&#8212;&#8212;&#8212;&#8212;&#8212;&#8212;&#8212;&#8212;&#8212;&#8212;&#8212;&#8212;&#8212;&#8212;&#8212;&#8212;&#8212;-<\/p>\n\n\n\n<h2 class=\"wp-block-heading\">2020 Conference<\/h2>\n\n\n\n<h4 class=\"wp-block-heading\">NOFOMA 2020 Best papers announcement will be made on September 30 at <strong>12:00 CET.<\/strong><\/h4>\n\n\n\n<p>Best overall paper:<\/p>\n\n\n\n<p><strong><em>THE POWER OF NUDGING: HOW REVERSE LOGISTICS CAN CONTRIBUTE TO IMPROVED RECYCLING RATES<\/em><\/strong><\/p>\n\n\n\n<p>Bente&nbsp;Flygansv\u00e6r,&nbsp;Asta&nbsp;Gjet\u00f8&nbsp;Samuelsen&nbsp;and&nbsp;Rebecka&nbsp;V\u00e5ge&nbsp;St\u00f8yle, BI&nbsp;Norwegian&nbsp;Business&nbsp;School, Oslo, Norway<\/p>\n\n\n\n<p>Best doctoral student paper:<\/p>\n\n\n\n<p><strong><em>DYNAMIC SUPPLY CHAIN CAPABILITIES SUPPORTING COLLABORATION BETWEEN RETAILERS AND LOGISTICS SERVICE PROVIDERS<\/em><\/strong><\/p>\n\n\n\n<p>Linnea Haag, Link\u00f6ping University, Sweden<\/p>\n\n\n\n<p><strong><span class=\"has-inline-color has-vivid-red-color\">CONGRATULATIONS, GREAT WORK!<\/span><\/strong><\/p>\n\n\n\n<h4 class=\"wp-block-heading\">NOFOMA 2020 was hosted virtual on 17 and 18 September<\/h4>\n\n\n\n<p>The&nbsp;<a rel=\"noreferrer noopener\" href=\"http:\/\/www.nofoma.net\/conferences\/index.htm\" target=\"_blank\">32nd&nbsp;annual NOFOMA<\/a>&nbsp;conference was planned to be held in Reykjavik, Iceland, June 10 to 12, 2020 but has been, due to the unfortunate circumstances surrounding the Covid-19-virus outbreak, made into a virtual one that took place 17 and 18 September. <\/p>\n\n\n\n<p>The conference was originally planned to organized by University of Iceland,&nbsp;<a href=\"https:\/\/english.hi.is\/faculty_of_industrial_engineering_mechanical_engineering_and_computer_science\">Faculty of Industrial Engineering, Mechanical Engineering and Computer Science<\/a>&nbsp;but has been taken over by the NOFOMA Board as the 2021 conference is now planned for Iceland. The review process is still carried out by University of Iceland.<\/p>\n\n\n\n<hr class=\"wp-block-separator has-css-opacity\"\/>\n\n\n\n<h2 class=\"wp-block-heading\">Previous conference<\/h2>\n\n\n\n<p>The&nbsp;<a href=\"https:\/\/www.bi.edu\/about-bi\/calendar\/2019\/june\/nofoma2019\/about\/\">31st&nbsp;annual NOFOMA<\/a>&nbsp;conference took place in Oslo, Norway, June 13 to 14, 2019. Prior to that, June 12,&nbsp;<a href=\"https:\/\/www.bi.edu\/about-bi\/calendar\/2019\/june\/nofoma2019\/nordlog\/\">the Nordlog doctoral day&nbsp;<\/a>was held. The&nbsp;<a href=\"https:\/\/www.bi.edu\/about-bi\/calendar\/2019\/june\/nofoma2019\/educators-day\/\">Educator Day&nbsp;<\/a>was also on June 12 in paralell with the Doctoral day.<\/p>\n\n\n\n<p>The conference and the Nordlog day was organized by&nbsp;<a href=\"https:\/\/www.bi.edu\/?_ga=2.156098107.1694928874.1542200627-808812049.1542200627\">BI &#8211; Norwegian Business School&nbsp;<\/a>and&nbsp;<a href=\"https:\/\/forsvaret.no\/en\/education-and-training\/defence-university-college\">Norwegian Defence University College (NODUC)<\/a>&nbsp;together at the BI campus in Nydalen, whereas the Nordlog doctorial symposium will be at Akershus Fortress, centrally located in Oslo.<\/p>\n\n\n\n<p>The Schenker best paper award was granted for the paper &#8220;Assessing the gaps between shippers and logistics service providers on green logistics practices along the logistics purchasing process&#8221;, co-authored by Amer Jazairy and Robin von Haartman from University of Gavle. The best Ph.D. student paper award was granted to the paper &#8220;Proactive recovery actions in real-time transport chain disruption management, a logistics service provider perspective&#8221; written by Per Wide from Chalmers University of Technology.<\/p>\n\n\n\n<hr class=\"wp-block-separator has-css-opacity\"\/>\n\n\n\n<h2 class=\"wp-block-heading\">The NOFOMA network<\/h2>\n\n\n\n<p>NOFOMA is a society of Nordic researchers and colleagues within the logistics field. Beside being a contact network of logistics scientists sharing similar interests, the main activity of the network is to carry out an annual conference where researchers from the Nordic countries, including Denmark, Finland, Iceland, Norway, and Sweden meet as well as other colleagues from different countries around the world, particularly from USA and Central Europe. In association with the NOFOMA annual conference, the NORDLOG doctoral workshop takes place where Ph.D. Candidates from the Nordic countries get together and discuss their issues as well as to conduct some workshop activities within the field of logistics.<\/p>\n\n\n\n<hr class=\"wp-block-separator has-css-opacity\"\/>\n\n\n\n<h2 class=\"wp-block-heading\">Want to be a member?<\/h2>\n\n\n\n<p>The NOFOMA member register contains close to 500 individuals, mainly researchers and Ph.D. candidates from the Nordic countries, as well as from other countries. These members receive some news and announcements through E-mail, particularly in association with the annual conference and workshop on top of some Ph.D. educational activities that are carried out within the framework of NOFOMA. Please feel free to&nbsp;<a href=\"https:\/\/nofoma.hi.is\/member-registration\/\">register<\/a>.<\/p>\n","protected":false},"excerpt":{"rendered":"<p>2025 Annual NOFOMA Conference, Copenhagen, Denmark The 37th NOFOMA annual\u00a0conference with the theme:&#8220;Guiding Transformational Change in Logistics and Supply Chain Management\u201dwill be held in Copenhagen,<a href=\"https:\/\/nofoma.hi.is\/\" class=\"more-link\">View More<\/a><\/p>\n","protected":false},"author":1,"featured_media":0,"parent":0,"menu_order":0,"comment_status":"closed","ping_status":"closed","template":"","meta":{"footnotes":""},"_links":{"self":[{"href":"https:\/\/nofoma.hi.is\/index.php?rest_route=\/wp\/v2\/pages\/40"}],"collection":[{"href":"https:\/\/nofoma.hi.is\/index.php?rest_route=\/wp\/v2\/pages"}],"about":[{"href":"https:\/\/nofoma.hi.is\/index.php?rest_route=\/wp\/v2\/types\/page"}],"author":[{"embeddable":true,"href":"https:\/\/nofoma.hi.is\/index.php?rest_route=\/wp\/v2\/users\/1"}],"replies":[{"embeddable":true,"href":"https:\/\/nofoma.hi.is\/index.php?rest_route=%2Fwp%2Fv2%2Fcomments&post=40"}],"version-history":[{"count":150,"href":"https:\/\/nofoma.hi.is\/index.php?rest_route=\/wp\/v2\/pages\/40\/revisions"}],"predecessor-version":[{"id":3759,"href":"https:\/\/nofoma.hi.is\/index.php?rest_route=\/wp\/v2\/pages\/40\/revisions\/3759"}],"wp:attachment":[{"href":"https:\/\/nofoma.hi.is\/index.php?rest_route=%2Fwp%2Fv2%2Fmedia&parent=40"}],"curies":[{"name":"wp","href":"https:\/\/api.w.org\/{rel}","templated":true}]}}