{"id":638,"date":"2020-09-15T18:09:10","date_gmt":"2020-09-15T18:09:10","guid":{"rendered":"https:\/\/nofoma.hi.is\/?page_id=638"},"modified":"2020-09-18T08:29:45","modified_gmt":"2020-09-18T08:29:45","slug":"session-programme","status":"publish","type":"page","link":"https:\/\/nofoma.hi.is\/?page_id=638","title":{"rendered":"Sessions programme, 17 and 18 September 2020"},"content":{"rendered":"\n<p><span class=\"has-inline-color has-vivid-red-color\">NOTE,<\/span> all time is CET, Central European Time; Sweden, Denmark, Norway&#8230;.!<\/p>\n\n\n\n<p>The electronic Book of Abstracts is also available <a href=\"https:\/\/nofoma.hi.is\/wp-content\/uploads\/2020\/09\/BoA_2020-3.pdf\">here<\/a>.<\/p>\n\n\n\n<figure class=\"wp-block-table is-style-stripes\"><table><tbody><tr><td><strong>DAY1<\/strong><\/td><td><strong>Sessions\/<\/strong><br><strong>papers:<\/strong><\/td><td><strong>Sessions leaders\/<\/strong><br><strong>Authors:<\/strong><\/td><td><strong>Topics\/Title:<\/strong><\/td><\/tr><tr><td><strong>08:45-09:00<\/strong><br><\/td><td><strong>S0<\/strong><\/td><td><strong>Dr. Gunnar Stefansson<\/strong><br>(gunste@hi.is)<\/td><td><strong>Opening<\/strong><br><a rel=\"noreferrer noopener\" href=\"https:\/\/eu01web.zoom.us\/j\/64828516436\" target=\"_blank\">Zoom link A<\/a><\/td><\/tr><tr><td><strong>09:00-10:00<\/strong><\/td><td><strong>S1A<\/strong><\/td><td><strong>Dr. Henrik P\u00e5lsson<\/strong><br>(henrik.palsson@plog.lth.se)<\/td><td><strong>Sustainability 1<\/strong><br><a rel=\"noreferrer noopener\" href=\"https:\/\/eu01web.zoom.us\/j\/64828516436\" target=\"_blank\">Zoom link A<\/a><\/td><\/tr><tr><td><\/td><td>27<\/td><td>Markus P\u00f6ll\u00e4nen, Timo Liljamo, Erika Kallionp\u00e4\u00e4 and Heikki Liimatainen<\/td><td><em>Attitudes of Finnish road haulage companies towards environmental goals and measures<\/em><\/td><\/tr><tr><td><\/td><td>33<\/td><td>Florian Hofbauer and Lisa-Maria Putz<\/td><td><em>External costs of inland waterway transport<\/em><\/td><\/tr><tr><td><\/td><td>71<\/td><td>Oskari Rintala, Sini Laari, Tomi Solakivi and Juuso T\u00f6yli<\/td><td><em>A Value-based view of environmental behavior and financial performance<\/em><\/td><\/tr><tr><td><\/td><td>16<\/td><td>Robin von Haartman and Amer Jazairy<\/td><td><em>Analysing the trade-off between lower emissions and cost efficiency in logistics:&nbsp;&nbsp;Results from a Swedish large-scale survey<\/em><\/td><\/tr><tr><td><strong>09:00-10:00<\/strong><\/td><td><strong>S1B<\/strong><\/td><td><strong><strong>Dr. Gy\u00f6ngyi Kov\u00e1cs<br><\/strong>(gyongyi.kovacs@hanken.fi)<\/strong><\/td><td><strong>Humanitarian 1<\/strong><br><a rel=\"noreferrer noopener\" href=\"https:\/\/chalmers.zoom.us\/j\/63610162626\" target=\"_blank\">Zoom link&nbsp;B<\/a><\/td><\/tr><tr><td><\/td><td>5<\/td><td>Mohammad Moshtari, Nezih Altay, Paulo Gon\u00e7alves and Jussi Heikkil\u00e4<\/td><td><em>Procurement in humanitarian organizations<\/em><\/td><\/tr><tr><td><\/td><td>30<\/td><td>Diego Vega, Christine Roussat and Gy\u00f6ngyi Kov\u00e1cs<\/td><td><em>Logistics service providers in humanitarian relief &#8211; New kids on the block<\/em><\/td><\/tr><tr><td><\/td><td>58<\/td><td>Virva Tuomala<\/td><td><em>Urban food security and distribution networks in poor neighbourhoods of Bankok<\/em><\/td><\/tr><tr><td><\/td><td>103<\/td><td>Qifeng Yan, Minchul Sohn and Gy\u00f6ngyi Kov\u00e1cs<\/td><td><em>Lead Time in Humanitarian Logistics Preparedness Decisions Based on Climate Forecasts<\/em><\/td><\/tr><tr><td><\/td><td>2<\/td><td>Paul Larson, David Grant and Ruth Banomyong<\/td><td><em>Human Migration and Social Innovation: Perspectives across Several Nations<\/em><\/td><\/tr><tr><td><strong>10:00-11:00<\/strong><\/td><td><strong>S2A<\/strong><\/td><td><strong>Dr. Heidi C. Dreyer<\/strong><br>(heidi.c.dreyer@ntnu.no)<\/td><td><strong>Third party services<\/strong><br><a rel=\"noreferrer noopener\" href=\"https:\/\/eu01web.zoom.us\/j\/64828516436\" target=\"_blank\">Zoom link A<\/a><\/td><\/tr><tr><td><\/td><td>15<\/td><td>Ebba Eriksson<\/td><td><em>Online fulfilment centers in&nbsp;&nbsp;grocery retail:&nbsp;&nbsp;An exploration and categorization of challenges<\/em><\/td><\/tr><tr><td><\/td><td>22<\/td><td>Christine Roussat, Valentina Carbone and Aur\u00e9lien Rouquet<\/td><td><em>Consumer to consumer supply chains: Lessons from a stylish case<\/em><\/td><\/tr><tr><td><\/td><td>96<\/td><td>Raphael Preindl<\/td><td><em>Choice and Customization of Urban Logistics concepts Towards a conceptual framework for structured developments of Urban Logistics Systems<\/em><\/td><\/tr><tr><td><\/td><td>17<\/td><td>Benedikte Borgstr\u00f6m and Helgi-Valur Fridriksson<\/td><td><em>How come logistics operators\u2019 ROI are so low&nbsp;&nbsp;despite warehouse operations are very cost efficient?&nbsp;&nbsp;A business model reconsideration of logistics facilities<\/em><\/td><\/tr><tr><td><strong>10:00-11:00<\/strong><\/td><td><strong>S2B<\/strong><\/td><td><strong>Dr. Jan Stentoft<\/strong><br>(stentoft@sam.sdu.dk)<\/td><td><strong>SOP\/Production<\/strong><br><a rel=\"noreferrer noopener\" href=\"https:\/\/chalmers.zoom.us\/j\/63610162626\" target=\"_blank\">Zoom link&nbsp;B<\/a><\/td><\/tr><tr><td><\/td><td>5<\/td><td>Thomas Ekstr\u00f6m<\/td><td>The Delphi Technique &#8211; Limitations and possibilities<\/td><\/tr><tr><td><\/td><td>8<\/td><td>Jan Stentoft, Ole Stegmann Mikkelsen and Per Vagn Freytag<\/td><td><em>The relationship between behavior, process efficiency and performance in Sales &amp; Operations Planning<\/em><\/td><\/tr><tr><td><\/td><td>101<\/td><td>Joakim Andersson, Patrik Jonsson and Hafez Shurrab<\/td><td><em>Sales and operations execution: An exploratory study on potential effects<\/em><\/td><\/tr><tr><td><\/td><td>50<\/td><td>Samu Rautio and Timo Tuomi<\/td><td><em>Legal aspects of additive manufacturing in the military logistics<\/em><\/td><\/tr><tr><td><\/td><td>70<\/td><td>Hafez Shurrab and Patrik Jonsson<\/td><td><em>Exploring factors causing and amplifying \u200edelivery schedule \u200einstability: An OEM \u200eperspective from the <\/em>automotive industry<\/td><\/tr><tr><td><strong>11:00-12:00<\/strong><\/td><td><strong>Key Note: S3<\/strong><\/td><td><strong>Dr. Martin Christopher<br>Emeritus Professor of Marketing &amp; Logistics,<br>Cranfield School of Management,<br>Cranfield University, U<\/strong>K<\/td><td><em><strong>Key note &#8220;Building Resilient Supply Chains in the post-Covid19 World&#8221;<\/strong><\/em><br><br><a rel=\"noreferrer noopener\" href=\"https:\/\/eu01web.zoom.us\/j\/61914316493\" target=\"_blank\">Zoom link Web<\/a><\/td><\/tr><tr><td><strong>13:00-14:00<\/strong><\/td><td><strong>S4A<\/strong><\/td><td><strong><strong>Dr. Jan Stentoft<\/strong><br><\/strong>(stentoft@sam.sdu.dk)<\/td><td><strong>Supply Chain Management<\/strong><br><a rel=\"noreferrer noopener\" href=\"https:\/\/eu01web.zoom.us\/j\/64828516436\" target=\"_blank\">Zoom link A<\/a><\/td><\/tr><tr><td><\/td><td>46<\/td><td>Xiaobei Wang and Kulanart Kongruthaichai<\/td><td><em>The impacts of the belt and road initative on international reverse logistics<\/em><\/td><\/tr><tr><td><\/td><td>85<\/td><td>Nathalie Silva and Henrik P\u00e5lsson<\/td><td><em>Strategies for Industrial Packaging Selection: a Systematic Literature Review<\/em><\/td><\/tr><tr><td><\/td><td>78<\/td><td>Hafd\u00eds J\u00f3nsd\u00f3ttir, Kristina Liljestrand, Jessica Wehner, Joakim Kalantari and Patricia van Loon<\/td><td><em>Measuring and sharing data on KPIs for transport efficiency: An interview study of shippers and transport providers<\/em><\/td><\/tr><tr><td><\/td><td>128<\/td><td>Marisol Rico Cortez, Elvira Kaneberg Ruiz, Rosa Gonzalez Huerta and Juan Manuel Sandoval Pineda<\/td><td><em>Supply chain management for sustainable packaging and distribution using oxyhydrogen reactors in Mexico<\/em><\/td><\/tr><tr><td><\/td><td>77<\/td><td>Janne Huiskonen and Pekka Pellikka<\/td><td><em>Spare parts global distribution network analysis<\/em><\/td><\/tr><tr><td><strong>13:00-14:00<\/strong><\/td><td><strong>S4B<\/strong><\/td><td><strong>Dr. Ole S. Mikkelsen<\/strong><br>(osm@sam.sdu.dk)<\/td><td><strong>Collaboration 1<\/strong><br> <a rel=\"noreferrer noopener\" href=\"https:\/\/chalmers.zoom.us\/j\/63610162626\" target=\"_blank\">Zoom link&nbsp;B<\/a><\/td><\/tr><tr><td><\/td><td>86<\/td><td>Pasi Rintamaa, Jussi Heikkil\u00e4 and Aki J\u00e4\u00e4skel\u00e4inen<\/td><td><em>Buying new digital service solutions &#8211; A customer perspective to co-creation<\/em><\/td><\/tr><tr><td><\/td><td>109<\/td><td>Stanley Fawcett, Amydee Fawcett, Scott Webb, Sebastian Brockhaus and Michael Knemeyer<\/td><td><em>Relational evolution: Commitment as a super-ordinate enabler of value creation<\/em><\/td><\/tr><tr><td><\/td><td>68<\/td><td>Aki J\u00e4\u00e4skel\u00e4inen, Katrina Lintukangas and Jussi Heikkil\u00e4<\/td><td><em>Antecedents of Preferred Customer Status in Manufacturing and Service Businesses<\/em><\/td><\/tr><tr><td><\/td><td>111<\/td><td>Markus Gershberger, Stanley Fawcett, Melanie Hinterplattner and Amydee Fawcett<\/td><td><em>Supply Chain Complexity:&nbsp;&nbsp;The Uneasy Fact of Life that Is the Key to Customer Satisfaction<\/em><\/td><\/tr><tr><td><strong>14:00-15:00<\/strong><\/td><td><strong>S5A<\/strong><\/td><td><strong><strong>Dr. Jan Stentoft<\/strong><br><\/strong>(stentoft@sam.sdu.dk)<\/td><td><strong>Procurement<\/strong><br><a rel=\"noreferrer noopener\" href=\"https:\/\/eu01web.zoom.us\/j\/64828516436\" target=\"_blank\">Zoom link A<\/a><\/td><\/tr><tr><td><\/td><td>7<\/td><td>Ala Pazirandeh Arvidsson and Lisa Melander<\/td><td><em>Buying new digital service solutions &#8211; A customer perspective to co-creation<\/em><\/td><\/tr><tr><td><\/td><td>60<\/td><td>Tuomas Kiiski, Sini Laari and Harri Lorentz<\/td><td><em>Decade of purchasing and supply management in Finnish annual reports: Topic modelling of top management attention<\/em><\/td><\/tr><tr><td><\/td><td>79<\/td><td>Logan Vallandingham, Luitzen De Boer and Heidi Dreyer<\/td><td><em>Care pathways and hospital material logistics: Exploring the connection, opportunities and challenges<\/em><\/td><\/tr><tr><td><\/td><td>104<\/td><td>Panagiota Tsaxiri and Helene Lidestam<\/td><td><em>The meaning of policy documents in bus transport services<\/em><\/td><\/tr><tr><td><strong>14:00-15:00<\/strong><\/td><td><strong>S5B<\/strong><\/td><td><strong><strong>Dr. Henrik P\u00e5lsson<\/strong><br><\/strong>(henrik.palsson@plog.lth.se)<\/td><td><strong>Transportation<\/strong><br><a rel=\"noreferrer noopener\" href=\"https:\/\/chalmers.zoom.us\/j\/63610162626\" target=\"_blank\">Zoom link&nbsp;B<\/a><\/td><\/tr><tr><td><\/td><td>10<\/td><td>Mikael Kervall and Henrik P\u00e5lsson<\/td><td><em>Barriers to fossil-free urban goods transport systems &#8211; An explorative study of a Nordic city<\/em><\/td><\/tr><tr><td><\/td><td>14<\/td><td>Vendela Sant\u00e9n, Sara Rogerson, Jon Williamsson and Johan Woxenius<\/td><td><em>The modal shift process &#8211; Ways to achieve an increased use of inland waterway transport<\/em><\/td><\/tr><tr><td><\/td><td>44<\/td><td>Majid Eskafi, Ali Dastgheib, Poonam Taneja, Gudmundur F. Ulfarsson, Gunnar Stefansson<\/td><td><em>Flexibility in port logistics by adaptive port planning, a case study of the Ports of Isafjordur Network in Iceland<\/em><\/td><\/tr><tr><td><\/td><td>62<\/td><td>Ayman Nagi, Meike Schroeder and Wolfgang Kersten<\/td><td><em>A Community Detection of Stakeholders in Risk Management at the Port of Hamburg<\/em><\/td><\/tr><tr><td><\/td><td>57<\/td><td>Erika Kallionp\u00e4\u00e4, Timo Liljamo, Markus P\u00f6ll\u00e4nen, Jukka Pellinen and Heikki Liimatainen<\/td><td><em>Developing sustainable city logistics by implementing electric freight trucks<\/em><\/td><\/tr><tr><td><strong>15:00-16:00<\/strong><\/td><td><strong>S6<\/strong><br><strong>Educators Session&nbsp;<\/strong><\/td><td><strong>Ola Hultkrantz, Lic. Eng.&nbsp;<br>Head of Programme MSc in Industrial Engineering and Management and Lecturer, Technology Management and Economics,<br>Chalmers University of Technology, G\u00f6teborg, Sweden<\/strong><\/td><td><em><strong>&#8220;Education during pandemic times &#8211; how did the Universities respond?&#8221;&nbsp;<\/strong><\/em><br><br><br><a rel=\"noreferrer noopener\" href=\"https:\/\/eu01web.zoom.us\/j\/64828516436\" target=\"_blank\"><\/a><a rel=\"noreferrer noopener\" href=\"https:\/\/chalmers.zoom.us\/j\/63610162626\" target=\"_blank\">Zoom link&nbsp;B<\/a><\/td><\/tr><tr><td>16:00-17:00<\/td><td>&nbsp;<\/td><td>All<\/td><td>Zoom After work &#8211; Round-up with the NOFOMA society<br><a rel=\"noreferrer noopener\" href=\"https:\/\/chalmers.zoom.us\/j\/63610162626\" target=\"_blank\">Zoom link&nbsp;B<\/a><\/td><\/tr><tr><td><\/td><td><\/td><td><\/td><td><\/td><\/tr><tr><td><strong>DAY 2<\/strong><\/td><td><strong>Sessions\/papers<\/strong>&nbsp;<\/td><td><strong><strong>Sessions leaders\/Authors:<\/strong><\/strong><\/td><td><strong><strong>Topics\/Title:<\/strong><\/strong><\/td><\/tr><tr><td><strong>09:00-10:00<\/strong><\/td><td><strong>S7A<\/strong><\/td><td><strong><strong>Dr. Heidi C. Dreyer<\/strong><br><\/strong>(heidi.c.dreyer@ntnu.no)<\/td><td><strong>ICT 1<\/strong><br><a rel=\"noreferrer noopener\" href=\"https:\/\/eu01web.zoom.us\/j\/64828516436\" target=\"_blank\">Zoom link A<\/a><\/td><\/tr><tr><td><\/td><td>39<\/td><td>Stefan Selensky and Erik Hofmann<\/td><td><em>Technology selection in supply chain management &#8211; Influencing factors and success practices<\/em><\/td><\/tr><tr><td><\/td><td>65<\/td><td>Christian S. Mj\u00f8sund and Inger Beate Hovi<\/td><td><em>Using GPS data to map freight vehicle movements in urban areas: logging in-vehicle data from 1600 Norwegian vehicles<\/em><\/td><\/tr><tr><td><\/td><td>74<\/td><td>Mathias Mathauer<\/td><td><em>Attentional drivers of technology search&nbsp;&nbsp;&#8211; Examining the search behavior of large and small logistics service providers<\/em><\/td><\/tr><tr><td><\/td><td>130<\/td><td>Nils Meyer-Larsen and Patrick Specht<\/td><td><em>Fostering the integration of Inland Waterway Transport in intermodal logistics chains<\/em><\/td><\/tr><tr><td><strong>09:00-10:00<\/strong><\/td><td><strong>S7B<\/strong><\/td><td><strong>Dr. Gy\u00f6ngyi Kov\u00e1cs<br><\/strong>(gyongyi.kovacs@hanken.fi)<\/td><td><strong>Collaboration 2<\/strong><br><a rel=\"noreferrer noopener\" href=\"https:\/\/chalmers.zoom.us\/j\/63610162626\" target=\"_blank\">Zoom link B<\/a><\/td><\/tr><tr><td><\/td><td>11<\/td><td>Linnea Haag<\/td><td><em>Dynamic supply chain capabilities supporting collaboration between retailers and logistics service providers<\/em><\/td><\/tr><tr><td><\/td><td>28<\/td><td>Niklas Simm and Maria Bj\u00f6rklund<\/td><td><em>Interaction for successful Implementation of Climate Smart Freight Technology<\/em><\/td><\/tr><tr><td><\/td><td>113<\/td><td>Stefan Karlsson, Daniel Hellstr\u00f6m, Pejvak Oghazi and Klas Hjort<\/td><td><em>Alignment in return management integration process, policy and business intent<\/em><\/td><\/tr><tr><td><strong>10:00-11:00<\/strong><\/td><td><strong>S8A<\/strong><\/td><td><strong><strong>Dr. Heidi C. Dreyer<\/strong><br><\/strong>(heidi.c.dreyer@ntnu.no)<\/td><td><strong>ICT 2<\/strong><br><a rel=\"noreferrer noopener\" href=\"https:\/\/eu01web.zoom.us\/j\/64828516436\" target=\"_blank\">Zoom link A<\/a><\/td><\/tr><tr><td><\/td><td>6<\/td><td>Mikael \u00d6hman, Ala Pazirandeh Arvidsson, Patrik Jonsson and Riikka Kaipia<\/td><td><em>Developing the analytics in purchasing and supply management<\/em><\/td><\/tr><tr><td><\/td><td>99<\/td><td>Emmelie Gustafsson, Patrik Jonsson and Jan Holmstr\u00f6m<\/td><td><em>Retail supply chain effects of digital product fitting on product returns<\/em><\/td><\/tr><tr><td><\/td><td>34<\/td><td>Anders Henrik Ringsberg and Gunnar Stefansson<\/td><td><em>Interoperability challenges in tracability of pharmaceuticals<\/em><\/td><\/tr><tr><td><strong>11:00-12:00<\/strong><\/td><td><strong>S9A<\/strong><\/td><td><strong><strong>Dr. Henrik P\u00e5lsson<\/strong><br><\/strong>(henrik.palsson@plog.lth.se)<\/td><td><strong>Sustainability 2<\/strong><br><a rel=\"noreferrer noopener\" href=\"https:\/\/eu01web.zoom.us\/j\/64828516436\" target=\"_blank\">Zoom link A<\/a><\/td><\/tr><tr><td><\/td><td>118<\/td><td>Bente Flygansv\u00e6r, Asta Gjet\u00f8 Samuelsen and Rebecka V\u00e5ge St\u00f8yle<\/td><td><em>The power of nudging: How reverse logistics can contribute to improve recycling rates<\/em><\/td><\/tr><tr><td><\/td><td>49<\/td><td>Anna Zhuravleva and Anna Aminoff<\/td><td><em>An emerging partnership betwqeen non-profit organizations and companies in reverse supply chains: Enabling the valorisation of post-use textile<\/em><\/td><\/tr><tr><td><\/td><td>120<\/td><td>Sayed Mohammad Ayati, Jonas Nygaard, Jesper Hemdrup Kristensen and Brian Vejrum W\u00e6hrens<\/td><td><em>A decision model for re-engaging End-of-Life products into the forward supply chain<\/em><\/td><\/tr><tr><td><\/td><td>18<\/td><td>Gabriella Gatenholm, \u00c1rni Halld\u00f3rsson and Jenny B\u00e4ckstrand<\/td><td><em>Enhanced circularity in aftermarket supply chains: Requirements and tradeoffs on logistics services<\/em><\/td><\/tr><tr><td><strong>12:00-12:15<\/strong><\/td><td><strong>S10<\/strong><\/td><td><strong>Gunnar Stefansson<\/strong><br>(gunste@hi.is)<\/td><td><strong>Closing of NOFOMA 2020<\/strong><br><a rel=\"noreferrer noopener\" href=\"https:\/\/eu01web.zoom.us\/j\/64828516436\" target=\"_blank\">Zoom link A<\/a><\/td><\/tr><\/tbody><\/table><\/figure>\n\n\n\n<p><\/p>\n","protected":false},"excerpt":{"rendered":"<p>NOTE, all time is CET, Central European Time; Sweden, Denmark, Norway&#8230;.! The electronic Book of Abstracts is also available here. DAY1 Sessions\/papers: Sessions leaders\/Authors: Topics\/Title:<a href=\"https:\/\/nofoma.hi.is\/?page_id=638\" class=\"more-link\">View More<\/a><\/p>\n","protected":false},"author":1,"featured_media":0,"parent":0,"menu_order":0,"comment_status":"closed","ping_status":"closed","template":"","meta":{"footnotes":""},"class_list":["post-638","page","type-page","status-publish","hentry"],"_links":{"self":[{"href":"https:\/\/nofoma.hi.is\/index.php?rest_route=\/wp\/v2\/pages\/638","targetHints":{"allow":["GET"]}}],"collection":[{"href":"https:\/\/nofoma.hi.is\/index.php?rest_route=\/wp\/v2\/pages"}],"about":[{"href":"https:\/\/nofoma.hi.is\/index.php?rest_route=\/wp\/v2\/types\/page"}],"author":[{"embeddable":true,"href":"https:\/\/nofoma.hi.is\/index.php?rest_route=\/wp\/v2\/users\/1"}],"replies":[{"embeddable":true,"href":"https:\/\/nofoma.hi.is\/index.php?rest_route=%2Fwp%2Fv2%2Fcomments&post=638"}],"version-history":[{"count":27,"href":"https:\/\/nofoma.hi.is\/index.php?rest_route=\/wp\/v2\/pages\/638\/revisions"}],"predecessor-version":[{"id":766,"href":"https:\/\/nofoma.hi.is\/index.php?rest_route=\/wp\/v2\/pages\/638\/revisions\/766"}],"wp:attachment":[{"href":"https:\/\/nofoma.hi.is\/index.php?rest_route=%2Fwp%2Fv2%2Fmedia&parent=638"}],"curies":[{"name":"wp","href":"https:\/\/api.w.org\/{rel}","templated":true}]}}